{"id":2,"date":"2023-03-31T18:04:52","date_gmt":"2023-03-31T16:04:52","guid":{"rendered":"http:\/\/skincare-lyon.fr\/bk817188-ovh\/?page_id=2"},"modified":"2023-04-20T12:42:09","modified_gmt":"2023-04-20T10:42:09","slug":"les-soins-maderotherapie-by-skincare","status":"publish","type":"page","link":"https:\/\/skincare-lyon.fr\/?page_id=2","title":{"rendered":"Les soins Maderotherapie by Skincare"},"content":{"rendered":"\t\t<div data-elementor-type=\"wp-page\" data-elementor-id=\"2\" class=\"elementor elementor-2\" data-elementor-post-type=\"page\">\n\t\t\t\t\t\t<section class=\"elementor-section elementor-top-section elementor-element elementor-element-5d32fbb elementor-section-boxed elementor-section-height-default elementor-section-height-default\" data-id=\"5d32fbb\" data-element_type=\"section\" data-e-type=\"section\">\n\t\t\t\t\t\t<div class=\"elementor-container elementor-column-gap-default\">\n\t\t\t\t\t<div class=\"elementor-column elementor-col-100 elementor-top-column elementor-element elementor-element-42f5ba1d\" data-id=\"42f5ba1d\" data-element_type=\"column\" data-e-type=\"column\">\n\t\t\t<div class=\"elementor-widget-wrap elementor-element-populated\">\n\t\t\t\t\t\t\t<\/div>\n\t\t<\/div>\n\t\t\t\t\t<\/div>\n\t\t<\/section>\n\t\t<div class=\"elementor-element elementor-element-e152752 e-flex e-con-boxed e-con e-parent\" data-id=\"e152752\" data-element_type=\"container\" data-e-type=\"container\">\n\t\t\t\t\t<div class=\"e-con-inner\">\n\t\t<div class=\"elementor-element elementor-element-e5512df e-con-full e-flex e-con e-child\" data-id=\"e5512df\" data-element_type=\"container\" data-e-type=\"container\">\n\t\t\t\t<div class=\"elementor-element elementor-element-ecf3a6c elementor-widget elementor-widget-text-editor\" data-id=\"ecf3a6c\" data-element_type=\"widget\" data-e-type=\"widget\" data-widget_type=\"text-editor.default\">\n\t\t\t\t<div class=\"elementor-widget-container\">\n\t\t\t\t\t\t\t\t\t<p class=\"s4\"><span class=\"s7\">Avant chaque s\u00e9ance, <\/span><span class=\"s7\">nous effectuons un bilan afin de cerner vos attentes, r\u00e9pondre \u00e0 toutes vos interrogations et trouver le soin qui vous correspond\u00a0!<\/span><\/p><p class=\"s4\"><span class=\"s9\"><b><u>Mad\u00e9roth\u00e9rapie<\/u><\/b><\/span><\/p><p class=\"s4\"><span class=\"s7\">C\u2019est une technique qui nous vient d\u2019Am\u00e9rique du sud, elle consiste \u00e0 vous masse<\/span><span class=\"s7\">r <\/span><span class=\"s7\">intens\u00e9ment avec des <\/span><span class=\"s8\">instruments en bois<\/span><span class=\"s7\">, <\/span><span class=\"s7\">de diff\u00e9rentes tailles et diff\u00e9rentes formes. <\/span><\/p><p class=\"s4\"><b><span class=\"s7\">Ce massage<\/span> <\/b><span class=\"s7\"><b>a pour objectif<\/b> de vous drainer et de<b> vous raffermi<\/b>r\u00a0!<\/span><span class=\"s7\"> Tr\u00e8s connu pour ses r\u00e9sultats <\/span><span class=\"s8\"><b>anticellulite<\/b> et <b>amincissant<\/b><\/span><span class=\"s7\">, vous retrouverez une belle peau apr\u00e8s quelques s\u00e9ances\u00a0! <\/span><\/p><p class=\"s4\"><b><span class=\"s7\">Notre prestation de massage anticellulite s\u2019effectue sur <\/span><span class=\"s8\">Lyon et Paris<\/span><span class=\"s7\">. <\/span><\/b><\/p><p class=\"s4\"><span class=\"s7\">R\u00e9sultats visibles d\u00e8s la premi\u00e8re s\u00e9ance. <\/span><span class=\"s10\">Il faut entre 5 et 10 s\u00e9ances pour un r\u00e9sultat optimal et une s\u00e9ance de maintien est conseill\u00e9e <\/span><span class=\"s10\">tout les deux mois<\/span><span class=\"s10\">.<\/span><\/p><p class=\"s4\"><span class=\"s10\">\u00a0<\/span><\/p><p class=\"s4\">Vous souhaitez tester la Maderotherapie sur Lyon ou sur Paris et trouver un moment pour vous ?\u00a0<\/p><p class=\"s4\">\u00a0<\/p>\t\t\t\t\t\t\t\t<\/div>\n\t\t\t\t<\/div>\n\t\t\t\t<div class=\"elementor-element elementor-element-58a46ed elementor-widget elementor-widget-button\" data-id=\"58a46ed\" data-element_type=\"widget\" data-e-type=\"widget\" data-widget_type=\"button.default\">\n\t\t\t\t<div class=\"elementor-widget-container\">\n\t\t\t\t\t\t\t\t\t<div class=\"elementor-button-wrapper\">\n\t\t\t\t\t<a class=\"elementor-button elementor-button-link elementor-size-sm\" href=\"https:\/\/www.planity.com\/skincare-maderotherapie-69006-lyon\">\n\t\t\t\t\t\t<span class=\"elementor-button-content-wrapper\">\n\t\t\t\t\t\t\t\t\t<span class=\"elementor-button-text\">Prendre Rendez-vous<\/span>\n\t\t\t\t\t<\/span>\n\t\t\t\t\t<\/a>\n\t\t\t\t<\/div>\n\t\t\t\t\t\t\t\t<\/div>\n\t\t\t\t<\/div>\n\t\t\t\t<div class=\"elementor-element elementor-element-a90e95a elementor-widget elementor-widget-image\" data-id=\"a90e95a\" data-element_type=\"widget\" data-e-type=\"widget\" data-widget_type=\"image.default\">\n\t\t\t\t<div class=\"elementor-widget-container\">\n\t\t\t\t\t\t\t\t\t\t\t\t\t\t\t<img fetchpriority=\"high\" decoding=\"async\" width=\"1024\" height=\"1024\" src=\"https:\/\/skincare-lyon.fr\/wp-content\/uploads\/2023\/04\/logo-1024x1024.jpg\" class=\"attachment-large size-large wp-image-1234\" alt=\"logo_SKincare Maderoth\u00e9rapie Lyon\" srcset=\"https:\/\/skincare-lyon.fr\/wp-content\/uploads\/2023\/04\/logo-1024x1024.jpg 1024w, https:\/\/skincare-lyon.fr\/wp-content\/uploads\/2023\/04\/logo-300x300.jpg 300w, https:\/\/skincare-lyon.fr\/wp-content\/uploads\/2023\/04\/logo-150x150.jpg 150w, https:\/\/skincare-lyon.fr\/wp-content\/uploads\/2023\/04\/logo-768x768.jpg 768w, https:\/\/skincare-lyon.fr\/wp-content\/uploads\/2023\/04\/logo-445x445.jpg 445w, https:\/\/skincare-lyon.fr\/wp-content\/uploads\/2023\/04\/logo-914x914.jpg 914w, https:\/\/skincare-lyon.fr\/wp-content\/uploads\/2023\/04\/logo.jpg 1200w\" sizes=\"(max-width: 1024px) 100vw, 1024px\" \/>\t\t\t\t\t\t\t\t\t\t\t\t\t\t\t<\/div>\n\t\t\t\t<\/div>\n\t\t\t\t<\/div>\n\t\t<div class=\"elementor-element elementor-element-6766096 e-con-full e-flex e-con e-child\" data-id=\"6766096\" data-element_type=\"container\" data-e-type=\"container\">\n\t\t\t\t<div class=\"elementor-element elementor-element-984a06b elementor-widget elementor-widget-gallery\" data-id=\"984a06b\" data-element_type=\"widget\" data-e-type=\"widget\" data-settings=\"{&quot;gallery_layout&quot;:&quot;masonry&quot;,&quot;columns&quot;:2,&quot;gap&quot;:{&quot;unit&quot;:&quot;px&quot;,&quot;size&quot;:9,&quot;sizes&quot;:[]},&quot;lazyload&quot;:&quot;yes&quot;,&quot;columns_tablet&quot;:2,&quot;columns_mobile&quot;:1,&quot;gap_tablet&quot;:{&quot;unit&quot;:&quot;px&quot;,&quot;size&quot;:10,&quot;sizes&quot;:[]},&quot;gap_mobile&quot;:{&quot;unit&quot;:&quot;px&quot;,&quot;size&quot;:10,&quot;sizes&quot;:[]},&quot;link_to&quot;:&quot;file&quot;,&quot;overlay_background&quot;:&quot;yes&quot;,&quot;content_hover_animation&quot;:&quot;fade-in&quot;}\" data-widget_type=\"gallery.default\">\n\t\t\t\t<div class=\"elementor-widget-container\">\n\t\t\t\t\t\t\t<div class=\"elementor-gallery__container\">\n\t\t\t\t\t\t\t<a class=\"e-gallery-item elementor-gallery-item elementor-animated-content\" href=\"https:\/\/skincare-lyon.fr\/wp-content\/uploads\/2023\/04\/maderotherapy-anti-cellulite-massage-with-wooden-roller-massager-2-scaled.jpg\" data-elementor-open-lightbox=\"yes\" data-elementor-lightbox-slideshow=\"984a06b\" data-elementor-lightbox-title=\"Skicare Maderoth\u00e9rapie Lyon et Paris\" data-elementor-lightbox-description=\"Skicare Maderoth\u00e9rapie Lyon et Paris \" data-e-action-hash=\"#elementor-action%3Aaction%3Dlightbox%26settings%3DeyJpZCI6MTE5OCwidXJsIjoiaHR0cHM6XC9cL3NraW5jYXJlLWx5b24uZnJcL3dwLWNvbnRlbnRcL3VwbG9hZHNcLzIwMjNcLzA0XC9tYWRlcm90aGVyYXB5LWFudGktY2VsbHVsaXRlLW1hc3NhZ2Utd2l0aC13b29kZW4tcm9sbGVyLW1hc3NhZ2VyLTItc2NhbGVkLmpwZyIsInNsaWRlc2hvdyI6Ijk4NGEwNmIifQ%3D%3D\">\n\t\t\t\t\t<div class=\"e-gallery-image elementor-gallery-item__image\" data-thumbnail=\"https:\/\/skincare-lyon.fr\/wp-content\/uploads\/2023\/04\/maderotherapy-anti-cellulite-massage-with-wooden-roller-massager-2-768x512.jpg\" data-width=\"768\" data-height=\"512\" aria-label=\"Skicare Maderoth\u00e9rapie Lyon et Paris\" role=\"img\" ><\/div>\n\t\t\t\t\t\t\t\t\t\t\t<div class=\"elementor-gallery-item__overlay\"><\/div>\n\t\t\t\t\t\t\t\t\t\t\t\t\t\t<\/a>\n\t\t\t\t\t\t\t<a class=\"e-gallery-item elementor-gallery-item elementor-animated-content\" href=\"https:\/\/skincare-lyon.fr\/wp-content\/uploads\/2023\/04\/therapist-pouring-massage-oil-spa-scaled.jpg\" data-elementor-open-lightbox=\"yes\" data-elementor-lightbox-slideshow=\"984a06b\" data-elementor-lightbox-title=\"Skicare Maderoth\u00e9rapie Lyon et Paris\" data-elementor-lightbox-description=\"Skicare Maderoth\u00e9rapie Lyon et Paris \" data-e-action-hash=\"#elementor-action%3Aaction%3Dlightbox%26settings%3DeyJpZCI6MTE4OSwidXJsIjoiaHR0cHM6XC9cL3NraW5jYXJlLWx5b24uZnJcL3dwLWNvbnRlbnRcL3VwbG9hZHNcLzIwMjNcLzA0XC90aGVyYXBpc3QtcG91cmluZy1tYXNzYWdlLW9pbC1zcGEtc2NhbGVkLmpwZyIsInNsaWRlc2hvdyI6Ijk4NGEwNmIifQ%3D%3D\">\n\t\t\t\t\t<div class=\"e-gallery-image elementor-gallery-item__image\" data-thumbnail=\"https:\/\/skincare-lyon.fr\/wp-content\/uploads\/2023\/04\/therapist-pouring-massage-oil-spa-768x510.jpg\" data-width=\"768\" data-height=\"510\" aria-label=\"\" role=\"img\" ><\/div>\n\t\t\t\t\t\t\t\t\t\t\t<div class=\"elementor-gallery-item__overlay\"><\/div>\n\t\t\t\t\t\t\t\t\t\t\t\t\t\t<\/a>\n\t\t\t\t\t\t\t<a class=\"e-gallery-item elementor-gallery-item elementor-animated-content\" href=\"https:\/\/skincare-lyon.fr\/wp-content\/uploads\/2023\/04\/young-woman-having-maderotherapy-massage-treatment-at-spa-salon-scaled.jpg\" data-elementor-open-lightbox=\"yes\" data-elementor-lightbox-slideshow=\"984a06b\" data-elementor-lightbox-title=\"SKINCARE MADEROTH\u00c9RAPIE LYON-PARIS\" data-elementor-lightbox-description=\"SKINCARE MADEROTH\u00c9RAPIE LYON-PARIS \" data-e-action-hash=\"#elementor-action%3Aaction%3Dlightbox%26settings%3DeyJpZCI6MTE5NywidXJsIjoiaHR0cHM6XC9cL3NraW5jYXJlLWx5b24uZnJcL3dwLWNvbnRlbnRcL3VwbG9hZHNcLzIwMjNcLzA0XC95b3VuZy13b21hbi1oYXZpbmctbWFkZXJvdGhlcmFweS1tYXNzYWdlLXRyZWF0bWVudC1hdC1zcGEtc2Fsb24tc2NhbGVkLmpwZyIsInNsaWRlc2hvdyI6Ijk4NGEwNmIifQ%3D%3D\">\n\t\t\t\t\t<div class=\"e-gallery-image elementor-gallery-item__image\" data-thumbnail=\"https:\/\/skincare-lyon.fr\/wp-content\/uploads\/2023\/04\/young-woman-having-maderotherapy-massage-treatment-at-spa-salon-768x512.jpg\" data-width=\"768\" data-height=\"512\" aria-label=\"SKINCARE MADEROTH\u00c9RAPIE LYON-PARIS\" role=\"img\" ><\/div>\n\t\t\t\t\t\t\t\t\t\t\t<div class=\"elementor-gallery-item__overlay\"><\/div>\n\t\t\t\t\t\t\t\t\t\t\t\t\t\t<\/a>\n\t\t\t\t\t\t\t<a class=\"e-gallery-item elementor-gallery-item elementor-animated-content\" href=\"https:\/\/skincare-lyon.fr\/wp-content\/uploads\/2023\/04\/maderotherapy-anti-cellulite-massage-with-wooden-roller-massager.jpg\" data-elementor-open-lightbox=\"yes\" data-elementor-lightbox-slideshow=\"984a06b\" data-elementor-lightbox-title=\"Maderotherapy anti-cellulite massage with wooden roller massager\" data-e-action-hash=\"#elementor-action%3Aaction%3Dlightbox%26settings%3DeyJpZCI6MTE4NSwidXJsIjoiaHR0cHM6XC9cL3NraW5jYXJlLWx5b24uZnJcL3dwLWNvbnRlbnRcL3VwbG9hZHNcLzIwMjNcLzA0XC9tYWRlcm90aGVyYXB5LWFudGktY2VsbHVsaXRlLW1hc3NhZ2Utd2l0aC13b29kZW4tcm9sbGVyLW1hc3NhZ2VyLmpwZyIsInNsaWRlc2hvdyI6Ijk4NGEwNmIifQ%3D%3D\">\n\t\t\t\t\t<div class=\"e-gallery-image elementor-gallery-item__image\" data-thumbnail=\"https:\/\/skincare-lyon.fr\/wp-content\/uploads\/2023\/04\/maderotherapy-anti-cellulite-massage-with-wooden-roller-massager.jpg\" data-width=\"1\" data-height=\"1\" aria-label=\"\" role=\"img\" ><\/div>\n\t\t\t\t\t\t\t\t\t\t\t<div class=\"elementor-gallery-item__overlay\"><\/div>\n\t\t\t\t\t\t\t\t\t\t\t\t\t\t<\/a>\n\t\t\t\t\t\t\t<a class=\"e-gallery-item elementor-gallery-item elementor-animated-content\" href=\"https:\/\/skincare-lyon.fr\/wp-content\/uploads\/2023\/04\/cropped-b3d5b9a619efdc454f37e0ef1af454d4-3.jpg\" data-elementor-open-lightbox=\"yes\" data-elementor-lightbox-slideshow=\"984a06b\" data-elementor-lightbox-title=\"Skicare Maderoth\u00e9rapie Lyon et Paris\" data-elementor-lightbox-description=\"Skicare Maderoth\u00e9rapie Lyon et Paris \" data-e-action-hash=\"#elementor-action%3Aaction%3Dlightbox%26settings%3DeyJpZCI6MTE3NCwidXJsIjoiaHR0cHM6XC9cL3NraW5jYXJlLWx5b24uZnJcL3dwLWNvbnRlbnRcL3VwbG9hZHNcLzIwMjNcLzA0XC9jcm9wcGVkLWIzZDViOWE2MTllZmRjNDU0ZjM3ZTBlZjFhZjQ1NGQ0LTMuanBnIiwic2xpZGVzaG93IjoiOTg0YTA2YiJ9\">\n\t\t\t\t\t<div class=\"e-gallery-image elementor-gallery-item__image\" data-thumbnail=\"https:\/\/skincare-lyon.fr\/wp-content\/uploads\/2023\/04\/cropped-b3d5b9a619efdc454f37e0ef1af454d4-3-768x461.jpg\" data-width=\"768\" data-height=\"461\" aria-label=\"Skicare Maderoth\u00e9rapie Lyon et Paris\" role=\"img\" ><\/div>\n\t\t\t\t\t\t\t\t\t\t\t<div class=\"elementor-gallery-item__overlay\"><\/div>\n\t\t\t\t\t\t\t\t\t\t\t\t\t\t<\/a>\n\t\t\t\t\t<\/div>\n\t\t\t\t\t<\/div>\n\t\t\t\t<\/div>\n\t\t\t\t<\/div>\n\t\t\t\t\t<\/div>\n\t\t\t\t<\/div>\n\t\t<div class=\"elementor-element elementor-element-9649426 e-flex e-con-boxed e-con e-parent\" data-id=\"9649426\" data-element_type=\"container\" data-e-type=\"container\">\n\t\t\t\t\t<div class=\"e-con-inner\">\n\t\t\t\t<div class=\"elementor-element elementor-element-29bd629 elementor-widget elementor-widget-heading\" data-id=\"29bd629\" data-element_type=\"widget\" data-e-type=\"widget\" data-widget_type=\"heading.default\">\n\t\t\t\t<div class=\"elementor-widget-container\">\n\t\t\t\t\t<h2 class=\"elementor-heading-title elementor-size-default\">Quelques bienfaits de la mad\u00e9roth\u00e9rapie ?<\/h2>\t\t\t\t<\/div>\n\t\t\t\t<\/div>\n\t\t\t\t\t<\/div>\n\t\t\t\t<\/div>\n\t\t<div class=\"elementor-element elementor-element-4736e70 e-flex e-con-boxed e-con e-parent\" data-id=\"4736e70\" data-element_type=\"container\" data-e-type=\"container\">\n\t\t\t\t\t<div class=\"e-con-inner\">\n\t\t<div class=\"elementor-element elementor-element-6e12a53 e-con-full e-flex e-con e-child\" data-id=\"6e12a53\" data-element_type=\"container\" data-e-type=\"container\">\n\t\t\t\t<div class=\"elementor-element elementor-element-4b97dc6 elementor-widget elementor-widget-text-editor\" data-id=\"4b97dc6\" data-element_type=\"widget\" data-e-type=\"widget\" data-widget_type=\"text-editor.default\">\n\t\t\t\t<div class=\"elementor-widget-container\">\n\t\t\t\t\t\t\t\t\t<ul><li>Tonifie et raffermit la peau<\/li><li>Am\u00e9liore la circulation sanguine\u00a0<\/li><li>Diminue la sensation de jambes lourdes<\/li><li>R\u00e9gule la circulation lymphatique<\/li><li>Stimule la relaxation<\/li><\/ul>\t\t\t\t\t\t\t\t<\/div>\n\t\t\t\t<\/div>\n\t\t\t\t<\/div>\n\t\t<div class=\"elementor-element elementor-element-c883fbc e-con-full e-flex e-con e-child\" data-id=\"c883fbc\" data-element_type=\"container\" data-e-type=\"container\">\n\t\t\t\t<div class=\"elementor-element elementor-element-6ac12cb elementor-widget elementor-widget-text-editor\" data-id=\"6ac12cb\" data-element_type=\"widget\" data-e-type=\"widget\" data-widget_type=\"text-editor.default\">\n\t\t\t\t<div class=\"elementor-widget-container\">\n\t\t\t\t\t\t\t\t\t<ul>\n<li>C&rsquo;est un bon moyen pour lutter contre la cellulite&nbsp;<\/li>\n<li>Am\u00e9liore la respiration<\/li>\n<li>r\u00e9active le syst\u00e8me nerveux&nbsp;<\/li>\n<li>Am\u00e9liore la tension nerveuse musculaire&nbsp;<\/li>\n<li>Favorise le bien-\u00eatre&nbsp;<\/li>\n<\/ul>\t\t\t\t\t\t\t\t<\/div>\n\t\t\t\t<\/div>\n\t\t\t\t<\/div>\n\t\t\t\t\t<\/div>\n\t\t\t\t<\/div>\n\t\t<div class=\"elementor-element elementor-element-bcf2bcf e-flex e-con-boxed e-con e-parent\" data-id=\"bcf2bcf\" data-element_type=\"container\" data-e-type=\"container\">\n\t\t\t\t\t<div class=\"e-con-inner\">\n\t\t\t\t<div class=\"elementor-element elementor-element-661a2df elementor-widget elementor-widget-text-editor\" data-id=\"661a2df\" data-element_type=\"widget\" data-e-type=\"widget\" data-widget_type=\"text-editor.default\">\n\t\t\t\t<div class=\"elementor-widget-container\">\n\t\t\t\t\t\t\t\t\t<p><strong>Pour plus d&rsquo;informations, n&rsquo;h\u00e9sitez pas \u00e0 nous contacter par e-mail ou par <a href=\"https:\/\/skincare-lyon.fr\/?page_id=664\">t\u00e9l\u00e9phone.<\/a><\/strong><\/p>\t\t\t\t\t\t\t\t<\/div>\n\t\t\t\t<\/div>\n\t\t\t\t<div class=\"elementor-element elementor-element-fa563f0 elementor-widget elementor-widget-button\" data-id=\"fa563f0\" data-element_type=\"widget\" data-e-type=\"widget\" data-widget_type=\"button.default\">\n\t\t\t\t<div class=\"elementor-widget-container\">\n\t\t\t\t\t\t\t\t\t<div class=\"elementor-button-wrapper\">\n\t\t\t\t\t<a class=\"elementor-button elementor-button-link elementor-size-sm\" href=\"\">\n\t\t\t\t\t\t<span class=\"elementor-button-content-wrapper\">\n\t\t\t\t\t\t\t\t\t<span class=\"elementor-button-text\">Prendre Rendez-vous<\/span>\n\t\t\t\t\t<\/span>\n\t\t\t\t\t<\/a>\n\t\t\t\t<\/div>\n\t\t\t\t\t\t\t\t<\/div>\n\t\t\t\t<\/div>\n\t\t\t\t\t<\/div>\n\t\t\t\t<\/div>\n\t\t\t\t<\/div>\n\t\t","protected":false},"excerpt":{"rendered":"<p>Avant chaque s\u00e9ance, nous effectuons un bilan afin de cerner vos attentes, r\u00e9pondre \u00e0 toutes vos interrogations et trouver le soin qui vous correspond\u00a0! Mad\u00e9roth\u00e9rapie C\u2019est une technique qui nous vient d\u2019Am\u00e9rique du sud, elle consiste \u00e0 vous masser intens\u00e9ment avec des instruments en bois, de diff\u00e9rentes tailles et diff\u00e9rentes formes. Ce massage a pour [&hellip;]<\/p>\n","protected":false},"author":1,"featured_media":0,"parent":0,"menu_order":0,"comment_status":"closed","ping_status":"closed","template":"","meta":{"footnotes":""},"class_list":["post-2","page","type-page","status-publish","hentry"],"_links":{"self":[{"href":"https:\/\/skincare-lyon.fr\/index.php?rest_route=\/wp\/v2\/pages\/2","targetHints":{"allow":["GET"]}}],"collection":[{"href":"https:\/\/skincare-lyon.fr\/index.php?rest_route=\/wp\/v2\/pages"}],"about":[{"href":"https:\/\/skincare-lyon.fr\/index.php?rest_route=\/wp\/v2\/types\/page"}],"author":[{"embeddable":true,"href":"https:\/\/skincare-lyon.fr\/index.php?rest_route=\/wp\/v2\/users\/1"}],"replies":[{"embeddable":true,"href":"https:\/\/skincare-lyon.fr\/index.php?rest_route=%2Fwp%2Fv2%2Fcomments&post=2"}],"version-history":[{"count":19,"href":"https:\/\/skincare-lyon.fr\/index.php?rest_route=\/wp\/v2\/pages\/2\/revisions"}],"predecessor-version":[{"id":1522,"href":"https:\/\/skincare-lyon.fr\/index.php?rest_route=\/wp\/v2\/pages\/2\/revisions\/1522"}],"wp:attachment":[{"href":"https:\/\/skincare-lyon.fr\/index.php?rest_route=%2Fwp%2Fv2%2Fmedia&parent=2"}],"curies":[{"name":"wp","href":"https:\/\/api.w.org\/{rel}","templated":true}]}}