{"id":1625,"date":"2025-04-17T19:20:01","date_gmt":"2025-04-17T17:20:01","guid":{"rendered":"https:\/\/skincare-lyon.fr\/?page_id=1625"},"modified":"2025-04-17T19:44:16","modified_gmt":"2025-04-17T17:44:16","slug":"le-traitement-du-lipoedeme","status":"publish","type":"page","link":"https:\/\/skincare-lyon.fr\/?page_id=1625","title":{"rendered":"Qu\u2019est-ce que le lip\u0153d\u00e8me ?"},"content":{"rendered":"\t\t<div data-elementor-type=\"wp-page\" data-elementor-id=\"1625\" class=\"elementor elementor-1625\" data-elementor-post-type=\"page\">\n\t\t\t\t\t\t<section class=\"elementor-section elementor-top-section elementor-element elementor-element-5d32fbb elementor-section-boxed elementor-section-height-default elementor-section-height-default\" data-id=\"5d32fbb\" data-element_type=\"section\" data-e-type=\"section\">\n\t\t\t\t\t\t<div class=\"elementor-container elementor-column-gap-default\">\n\t\t\t\t\t<div class=\"elementor-column elementor-col-100 elementor-top-column elementor-element elementor-element-42f5ba1d\" data-id=\"42f5ba1d\" data-element_type=\"column\" data-e-type=\"column\">\n\t\t\t<div class=\"elementor-widget-wrap elementor-element-populated\">\n\t\t\t\t\t\t<div class=\"elementor-element elementor-element-5f92b85 elementor-widget elementor-widget-text-editor\" data-id=\"5f92b85\" data-element_type=\"widget\" data-e-type=\"widget\" data-widget_type=\"text-editor.default\">\n\t\t\t\t<div class=\"elementor-widget-container\">\n\t\t\t\t\t\t\t\t\t<p><b>Mad\u00e9roth\u00e9rapie sp\u00e9cialis\u00e9e : une r\u00e9ponse douce et efficace au lip\u0153d\u00e8me, lymph\u0153d\u00e8me et lipolymph\u0153d\u00e8me<\/b><\/p>\n<p>Chez Skincare Mad\u00e9roth\u00e9rapie, nous mettons notre expertise au service des femmes souffrant de troubles lymphatiques et graisseux chroniques.<br>Forte de plus de 7 ans d\u2019exp\u00e9rience en mad\u00e9roth\u00e9rapie et form\u00e9e aupr\u00e8s des meilleures sp\u00e9cialistes en mad\u00e9roth\u00e9rapie m\u00e9dicale, Jessica a d\u00e9velopp\u00e9 un protocole unique et sp\u00e9cifique pour accompagner en douceur les personnes atteintes de lip\u0153d\u00e8me, lymph\u0153d\u00e8me ou lipolymph\u0153d\u00e8me.<\/p>\n<p>Gr\u00e2ce \u00e0 une approche personnalis\u00e9e, respectueuse du corps et du v\u00e9cu \u00e9motionnel, <br><b>notre soin vise \u00e0 r\u00e9duire les douleurs, favoriser le drainage lymphatique, <br>am\u00e9liorer la mobilit\u00e9 et redonner confiance en son corps.<\/b><\/p>\t\t\t\t\t\t\t\t<\/div>\n\t\t\t\t<\/div>\n\t\t\t\t\t<\/div>\n\t\t<\/div>\n\t\t\t\t\t<\/div>\n\t\t<\/section>\n\t\t<div class=\"elementor-element elementor-element-e152752 e-flex e-con-boxed e-con e-parent\" data-id=\"e152752\" data-element_type=\"container\" data-e-type=\"container\">\n\t\t\t\t\t<div class=\"e-con-inner\">\n\t\t<div class=\"elementor-element elementor-element-e5512df e-con-full e-flex e-con e-child\" data-id=\"e5512df\" data-element_type=\"container\" data-e-type=\"container\">\n\t\t\t\t<div class=\"elementor-element elementor-element-ecf3a6c elementor-widget elementor-widget-text-editor\" data-id=\"ecf3a6c\" data-element_type=\"widget\" data-e-type=\"widget\" data-widget_type=\"text-editor.default\">\n\t\t\t\t<div class=\"elementor-widget-container\">\n\t\t\t\t\t\t\t\t\t<div><strong>Qu\u2019est-ce que le lip\u0153d\u00e8me ?<\/strong><\/div><div>\u00a0<\/div><div>Le lip\u0153d\u00e8me est une maladie chronique et \u00e9volutive touchant quasi exclusivement les femmes.<\/div><div>Il se caract\u00e9rise par une accumulation anormale de graisse douloureuse, <strong>principalement sur les jambes, les hanches, les genoux, parfois les bras, avec une nette disproportion par rapport au reste du corps<\/strong> (notamment le haut du corps et les chevilles qui restent fines).<\/div><div>\u00a0<\/div><div><strong>Sympt\u00f4mes fr\u00e9quents :<\/strong><\/div><div>\u2022Douleurs spontan\u00e9es ou au toucher<\/div><div>\u2022Sensation de jambes lourdes ou engourdies<\/div><div>\u2022Tendance aux ecchymoses (bleus) spontan\u00e9es<\/div><div>\u2022Inflammation et gonflement<\/div><div>\u2022G\u00eane dans la mobilit\u00e9 ou l\u2019activit\u00e9 physique<\/div><div>\u2022Aggravation en p\u00e9riode hormonale (pubert\u00e9, grossesse, m\u00e9nopause)<\/div><div>\u00a0<\/div><div><strong>Causes connues ou suspect\u00e9es :<\/strong><\/div><div>\u2022 Facteurs hormonaux (maladie souvent d\u00e9clench\u00e9e \u00e0 la pubert\u00e9 ou apr\u00e8s une grossesse)<\/div><div>\u2022 Terrain g\u00e9n\u00e9tique (souvent plusieurs femmes atteintes dans la m\u00eame famille)<\/div><div>\u2022 Chocs \u00e9motionnels importants<\/div><div>\u2022 Mode de vie s\u00e9dentaire (aggrave mais ne cause pas la maladie)<\/div>\t\t\t\t\t\t\t\t<\/div>\n\t\t\t\t<\/div>\n\t\t\t\t<div class=\"elementor-element elementor-element-58a46ed elementor-widget elementor-widget-button\" data-id=\"58a46ed\" data-element_type=\"widget\" data-e-type=\"widget\" data-widget_type=\"button.default\">\n\t\t\t\t<div class=\"elementor-widget-container\">\n\t\t\t\t\t\t\t\t\t<div class=\"elementor-button-wrapper\">\n\t\t\t\t\t<a class=\"elementor-button elementor-button-link elementor-size-sm\" href=\"https:\/\/www.planity.com\/skincare-maderotherapie-69006-lyon\">\n\t\t\t\t\t\t<span class=\"elementor-button-content-wrapper\">\n\t\t\t\t\t\t\t\t\t<span class=\"elementor-button-text\">Prendre Rendez-vous<\/span>\n\t\t\t\t\t<\/span>\n\t\t\t\t\t<\/a>\n\t\t\t\t<\/div>\n\t\t\t\t\t\t\t\t<\/div>\n\t\t\t\t<\/div>\n\t\t\t\t<\/div>\n\t\t<div class=\"elementor-element elementor-element-6766096 e-con-full e-flex e-con e-child\" data-id=\"6766096\" data-element_type=\"container\" data-e-type=\"container\">\n\t\t\t\t<div class=\"elementor-element elementor-element-ac1b25a elementor-widget elementor-widget-image\" data-id=\"ac1b25a\" data-element_type=\"widget\" data-e-type=\"widget\" data-widget_type=\"image.default\">\n\t\t\t\t<div class=\"elementor-widget-container\">\n\t\t\t\t\t\t\t\t\t\t\t\t\t\t\t<img fetchpriority=\"high\" decoding=\"async\" width=\"1024\" height=\"419\" src=\"https:\/\/skincare-lyon.fr\/wp-content\/uploads\/2025\/04\/WhatsApp-Image-2025-04-16-at-15.41.33-1024x419.jpeg\" class=\"attachment-large size-large wp-image-1639\" alt=\"lipodeme stades\" srcset=\"https:\/\/skincare-lyon.fr\/wp-content\/uploads\/2025\/04\/WhatsApp-Image-2025-04-16-at-15.41.33-1024x419.jpeg 1024w, https:\/\/skincare-lyon.fr\/wp-content\/uploads\/2025\/04\/WhatsApp-Image-2025-04-16-at-15.41.33-300x123.jpeg 300w, https:\/\/skincare-lyon.fr\/wp-content\/uploads\/2025\/04\/WhatsApp-Image-2025-04-16-at-15.41.33-768x314.jpeg 768w, https:\/\/skincare-lyon.fr\/wp-content\/uploads\/2025\/04\/WhatsApp-Image-2025-04-16-at-15.41.33-445x182.jpeg 445w, https:\/\/skincare-lyon.fr\/wp-content\/uploads\/2025\/04\/WhatsApp-Image-2025-04-16-at-15.41.33-914x374.jpeg 914w, https:\/\/skincare-lyon.fr\/wp-content\/uploads\/2025\/04\/WhatsApp-Image-2025-04-16-at-15.41.33.jpeg 1319w\" sizes=\"(max-width: 1024px) 100vw, 1024px\" \/>\t\t\t\t\t\t\t\t\t\t\t\t\t\t\t<\/div>\n\t\t\t\t<\/div>\n\t\t\t\t<div class=\"elementor-element elementor-element-e2f9c17 elementor-widget elementor-widget-image\" data-id=\"e2f9c17\" data-element_type=\"widget\" data-e-type=\"widget\" data-widget_type=\"image.default\">\n\t\t\t\t<div class=\"elementor-widget-container\">\n\t\t\t\t\t\t\t\t\t\t\t\t\t\t\t<img decoding=\"async\" width=\"1024\" height=\"984\" src=\"https:\/\/skincare-lyon.fr\/wp-content\/uploads\/2025\/04\/WhatsApp-Image-2025-04-16-at-15.42.05-1024x984.jpeg\" class=\"attachment-large size-large wp-image-1637\" alt=\"Lipodeme\" srcset=\"https:\/\/skincare-lyon.fr\/wp-content\/uploads\/2025\/04\/WhatsApp-Image-2025-04-16-at-15.42.05-1024x984.jpeg 1024w, https:\/\/skincare-lyon.fr\/wp-content\/uploads\/2025\/04\/WhatsApp-Image-2025-04-16-at-15.42.05-300x288.jpeg 300w, https:\/\/skincare-lyon.fr\/wp-content\/uploads\/2025\/04\/WhatsApp-Image-2025-04-16-at-15.42.05-768x738.jpeg 768w, https:\/\/skincare-lyon.fr\/wp-content\/uploads\/2025\/04\/WhatsApp-Image-2025-04-16-at-15.42.05-445x427.jpeg 445w, https:\/\/skincare-lyon.fr\/wp-content\/uploads\/2025\/04\/WhatsApp-Image-2025-04-16-at-15.42.05-914x878.jpeg 914w, https:\/\/skincare-lyon.fr\/wp-content\/uploads\/2025\/04\/WhatsApp-Image-2025-04-16-at-15.42.05.jpeg 1319w\" sizes=\"(max-width: 1024px) 100vw, 1024px\" \/>\t\t\t\t\t\t\t\t\t\t\t\t\t\t\t<\/div>\n\t\t\t\t<\/div>\n\t\t\t\t<\/div>\n\t\t\t\t\t<\/div>\n\t\t\t\t<\/div>\n\t\t<div class=\"elementor-element elementor-element-9649426 e-flex e-con-boxed e-con e-parent\" data-id=\"9649426\" data-element_type=\"container\" data-e-type=\"container\">\n\t\t\t\t\t<div class=\"e-con-inner\">\n\t\t\t\t<div class=\"elementor-element elementor-element-29bd629 elementor-widget elementor-widget-heading\" data-id=\"29bd629\" data-element_type=\"widget\" data-e-type=\"widget\" data-widget_type=\"heading.default\">\n\t\t\t\t<div class=\"elementor-widget-container\">\n\t\t\t\t\t<h2 class=\"elementor-heading-title elementor-size-default\">Quelques bienfaits de la mad\u00e9roth\u00e9rapie sur le <strong>lip\u0153d\u00e8me <\/strong>  ?<\/h2>\t\t\t\t<\/div>\n\t\t\t\t<\/div>\n\t\t\t\t\t<\/div>\n\t\t\t\t<\/div>\n\t\t<div class=\"elementor-element elementor-element-4736e70 e-flex e-con-boxed e-con e-parent\" data-id=\"4736e70\" data-element_type=\"container\" data-e-type=\"container\">\n\t\t\t\t\t<div class=\"e-con-inner\">\n\t\t<div class=\"elementor-element elementor-element-6e12a53 e-con-full e-flex e-con e-child\" data-id=\"6e12a53\" data-element_type=\"container\" data-e-type=\"container\">\n\t\t\t\t<div class=\"elementor-element elementor-element-4b97dc6 elementor-widget elementor-widget-text-editor\" data-id=\"4b97dc6\" data-element_type=\"widget\" data-e-type=\"widget\" data-widget_type=\"text-editor.default\">\n\t\t\t\t<div class=\"elementor-widget-container\">\n\t\t\t\t\t\t\t\t\t<p>Excellente question \ud83d\ude4c Le <strong data-start=\"26\" data-end=\"38\">lip\u0153d\u00e8me<\/strong> est une pathologie chronique souvent mal comprise, et pourtant la <strong data-start=\"105\" data-end=\"123\">mad\u00e9roth\u00e9rapie<\/strong> peut r\u00e9ellement am\u00e9liorer la qualit\u00e9 de vie des personnes qui en souffrent.<\/p>\t\t\t\t\t\t\t\t<\/div>\n\t\t\t\t<\/div>\n\t\t\t\t<div class=\"elementor-element elementor-element-a90e95a elementor-widget elementor-widget-image\" data-id=\"a90e95a\" data-element_type=\"widget\" data-e-type=\"widget\" data-widget_type=\"image.default\">\n\t\t\t\t<div class=\"elementor-widget-container\">\n\t\t\t\t\t\t\t\t\t\t\t\t\t\t\t<img decoding=\"async\" width=\"1024\" height=\"1024\" src=\"https:\/\/skincare-lyon.fr\/wp-content\/uploads\/2023\/04\/logo-1024x1024.jpg\" class=\"attachment-large size-large wp-image-1234\" alt=\"logo_SKincare Maderoth\u00e9rapie Lyon\" srcset=\"https:\/\/skincare-lyon.fr\/wp-content\/uploads\/2023\/04\/logo-1024x1024.jpg 1024w, https:\/\/skincare-lyon.fr\/wp-content\/uploads\/2023\/04\/logo-300x300.jpg 300w, https:\/\/skincare-lyon.fr\/wp-content\/uploads\/2023\/04\/logo-150x150.jpg 150w, https:\/\/skincare-lyon.fr\/wp-content\/uploads\/2023\/04\/logo-768x768.jpg 768w, https:\/\/skincare-lyon.fr\/wp-content\/uploads\/2023\/04\/logo-445x445.jpg 445w, https:\/\/skincare-lyon.fr\/wp-content\/uploads\/2023\/04\/logo-914x914.jpg 914w, https:\/\/skincare-lyon.fr\/wp-content\/uploads\/2023\/04\/logo.jpg 1200w\" sizes=\"(max-width: 1024px) 100vw, 1024px\" \/>\t\t\t\t\t\t\t\t\t\t\t\t\t\t\t<\/div>\n\t\t\t\t<\/div>\n\t\t\t\t<\/div>\n\t\t<div class=\"elementor-element elementor-element-c883fbc e-con-full e-flex e-con e-child\" data-id=\"c883fbc\" data-element_type=\"container\" data-e-type=\"container\">\n\t\t\t\t<div class=\"elementor-element elementor-element-6ac12cb elementor-widget elementor-widget-text-editor\" data-id=\"6ac12cb\" data-element_type=\"widget\" data-e-type=\"widget\" data-widget_type=\"text-editor.default\">\n\t\t\t\t<div class=\"elementor-widget-container\">\n\t\t\t\t\t\t\t\t\t<p class=\"p1\"><b>\u2022 R\u00e9duction de la douleur et des tensions<\/b><\/p><p class=\"p2\">Le lip\u0153d\u00e8me provoque souvent des douleurs au toucher, des sensations de lourdeur et des tensions dans les jambes.<br \/><span class=\"s1\">\ud83e\udeb5<\/span> La mad\u00e9roth\u00e9rapie aide \u00e0 <b>d\u00e9congestionner les tissus<\/b>, am\u00e9liorer la circulation et <b>soulager la douleur<\/b> gr\u00e2ce \u00e0 des man\u0153uvres douces et cibl\u00e9es.<\/p>\t\t\t\t\t\t\t\t<\/div>\n\t\t\t\t<\/div>\n\t\t\t\t<\/div>\n\t\t\t\t\t<\/div>\n\t\t\t\t<\/div>\n\t\t<div class=\"elementor-element elementor-element-bcf2bcf e-flex e-con-boxed e-con e-parent\" data-id=\"bcf2bcf\" data-element_type=\"container\" data-e-type=\"container\">\n\t\t\t\t\t<div class=\"e-con-inner\">\n\t\t\t\t<div class=\"elementor-element elementor-element-661a2df elementor-widget elementor-widget-text-editor\" data-id=\"661a2df\" data-element_type=\"widget\" data-e-type=\"widget\" data-widget_type=\"text-editor.default\">\n\t\t\t\t<div class=\"elementor-widget-container\">\n\t\t\t\t\t\t\t\t\t<p><strong>Pour plus d&rsquo;informations, n&rsquo;h\u00e9sitez pas \u00e0 nous contacter par e-mail ou par <a href=\"https:\/\/skincare-lyon.fr\/?page_id=664\">t\u00e9l\u00e9phone.<\/a><\/strong><\/p>\t\t\t\t\t\t\t\t<\/div>\n\t\t\t\t<\/div>\n\t\t\t\t<div class=\"elementor-element elementor-element-fa563f0 elementor-widget elementor-widget-button\" data-id=\"fa563f0\" data-element_type=\"widget\" data-e-type=\"widget\" data-widget_type=\"button.default\">\n\t\t\t\t<div class=\"elementor-widget-container\">\n\t\t\t\t\t\t\t\t\t<div class=\"elementor-button-wrapper\">\n\t\t\t\t\t<a class=\"elementor-button elementor-button-link elementor-size-sm\" href=\"\">\n\t\t\t\t\t\t<span class=\"elementor-button-content-wrapper\">\n\t\t\t\t\t\t\t\t\t<span class=\"elementor-button-text\">Prendre Rendez-vous<\/span>\n\t\t\t\t\t<\/span>\n\t\t\t\t\t<\/a>\n\t\t\t\t<\/div>\n\t\t\t\t\t\t\t\t<\/div>\n\t\t\t\t<\/div>\n\t\t\t\t\t<\/div>\n\t\t\t\t<\/div>\n\t\t\t\t<\/div>\n\t\t","protected":false},"excerpt":{"rendered":"<p>Mad\u00e9roth\u00e9rapie sp\u00e9cialis\u00e9e : une r\u00e9ponse douce et efficace au lip\u0153d\u00e8me, lymph\u0153d\u00e8me et lipolymph\u0153d\u00e8me Chez Skincare Mad\u00e9roth\u00e9rapie, nous mettons notre expertise au service des femmes souffrant de troubles lymphatiques et graisseux chroniques.Forte de plus de 7 ans d\u2019exp\u00e9rience en mad\u00e9roth\u00e9rapie et form\u00e9e aupr\u00e8s des meilleures sp\u00e9cialistes en mad\u00e9roth\u00e9rapie m\u00e9dicale, Jessica a d\u00e9velopp\u00e9 un protocole unique et [&hellip;]<\/p>\n","protected":false},"author":1,"featured_media":0,"parent":0,"menu_order":0,"comment_status":"closed","ping_status":"closed","template":"","meta":{"footnotes":""},"class_list":["post-1625","page","type-page","status-publish","hentry"],"_links":{"self":[{"href":"https:\/\/skincare-lyon.fr\/index.php?rest_route=\/wp\/v2\/pages\/1625","targetHints":{"allow":["GET"]}}],"collection":[{"href":"https:\/\/skincare-lyon.fr\/index.php?rest_route=\/wp\/v2\/pages"}],"about":[{"href":"https:\/\/skincare-lyon.fr\/index.php?rest_route=\/wp\/v2\/types\/page"}],"author":[{"embeddable":true,"href":"https:\/\/skincare-lyon.fr\/index.php?rest_route=\/wp\/v2\/users\/1"}],"replies":[{"embeddable":true,"href":"https:\/\/skincare-lyon.fr\/index.php?rest_route=%2Fwp%2Fv2%2Fcomments&post=1625"}],"version-history":[{"count":14,"href":"https:\/\/skincare-lyon.fr\/index.php?rest_route=\/wp\/v2\/pages\/1625\/revisions"}],"predecessor-version":[{"id":1645,"href":"https:\/\/skincare-lyon.fr\/index.php?rest_route=\/wp\/v2\/pages\/1625\/revisions\/1645"}],"wp:attachment":[{"href":"https:\/\/skincare-lyon.fr\/index.php?rest_route=%2Fwp%2Fv2%2Fmedia&parent=1625"}],"curies":[{"name":"wp","href":"https:\/\/api.w.org\/{rel}","templated":true}]}}