{"id":1351,"date":"2023-04-04T18:04:17","date_gmt":"2023-04-04T16:04:17","guid":{"rendered":"https:\/\/skincare-lyon.fr\/?page_id=1351"},"modified":"2024-09-17T16:41:26","modified_gmt":"2024-09-17T14:41:26","slug":"les-formations-maderotherapie-by-skincare","status":"publish","type":"page","link":"https:\/\/skincare-lyon.fr\/?page_id=1351","title":{"rendered":"Les formations MADEROTHERAPIE by skincare"},"content":{"rendered":"\t\t<div data-elementor-type=\"wp-page\" data-elementor-id=\"1351\" class=\"elementor elementor-1351\" data-elementor-post-type=\"page\">\n\t\t\t\t\t\t<section class=\"elementor-section elementor-top-section elementor-element elementor-element-5d32fbb elementor-section-boxed elementor-section-height-default elementor-section-height-default\" data-id=\"5d32fbb\" data-element_type=\"section\" data-e-type=\"section\">\n\t\t\t\t\t\t<div class=\"elementor-container elementor-column-gap-default\">\n\t\t\t\t\t<div class=\"elementor-column elementor-col-100 elementor-top-column elementor-element elementor-element-42f5ba1d\" data-id=\"42f5ba1d\" data-element_type=\"column\" data-e-type=\"column\">\n\t\t\t<div class=\"elementor-widget-wrap elementor-element-populated\">\n\t\t\t\t\t\t\t<\/div>\n\t\t<\/div>\n\t\t\t\t\t<\/div>\n\t\t<\/section>\n\t\t<div class=\"elementor-element elementor-element-e152752 e-flex e-con-boxed e-con e-parent\" data-id=\"e152752\" data-element_type=\"container\" data-e-type=\"container\">\n\t\t\t\t\t<div class=\"e-con-inner\">\n\t\t<div class=\"elementor-element elementor-element-e5512df e-con-full e-flex e-con e-child\" data-id=\"e5512df\" data-element_type=\"container\" data-e-type=\"container\">\n\t\t\t\t<div class=\"elementor-element elementor-element-a90e95a elementor-widget elementor-widget-image\" data-id=\"a90e95a\" data-element_type=\"widget\" data-e-type=\"widget\" data-widget_type=\"image.default\">\n\t\t\t\t<div class=\"elementor-widget-container\">\n\t\t\t\t\t\t\t\t\t\t\t\t\t\t\t<img fetchpriority=\"high\" decoding=\"async\" width=\"1024\" height=\"1024\" src=\"https:\/\/skincare-lyon.fr\/wp-content\/uploads\/2023\/04\/logo-1024x1024.jpg\" class=\"attachment-large size-large wp-image-1234\" alt=\"logo_SKincare Maderoth\u00e9rapie Lyon\" srcset=\"https:\/\/skincare-lyon.fr\/wp-content\/uploads\/2023\/04\/logo-1024x1024.jpg 1024w, https:\/\/skincare-lyon.fr\/wp-content\/uploads\/2023\/04\/logo-300x300.jpg 300w, https:\/\/skincare-lyon.fr\/wp-content\/uploads\/2023\/04\/logo-150x150.jpg 150w, https:\/\/skincare-lyon.fr\/wp-content\/uploads\/2023\/04\/logo-768x768.jpg 768w, https:\/\/skincare-lyon.fr\/wp-content\/uploads\/2023\/04\/logo-445x445.jpg 445w, https:\/\/skincare-lyon.fr\/wp-content\/uploads\/2023\/04\/logo-914x914.jpg 914w, https:\/\/skincare-lyon.fr\/wp-content\/uploads\/2023\/04\/logo.jpg 1200w\" sizes=\"(max-width: 1024px) 100vw, 1024px\" \/>\t\t\t\t\t\t\t\t\t\t\t\t\t\t\t<\/div>\n\t\t\t\t<\/div>\n\t\t\t\t<\/div>\n\t\t<div class=\"elementor-element elementor-element-6766096 e-con-full e-flex e-con e-child\" data-id=\"6766096\" data-element_type=\"container\" data-e-type=\"container\">\n\t\t\t\t<div class=\"elementor-element elementor-element-3dabfb6 elementor-widget elementor-widget-image\" data-id=\"3dabfb6\" data-element_type=\"widget\" data-e-type=\"widget\" data-widget_type=\"image.default\">\n\t\t\t\t<div class=\"elementor-widget-container\">\n\t\t\t\t\t\t\t\t\t\t\t\t\t\t\t<img decoding=\"async\" width=\"1024\" height=\"722\" src=\"https:\/\/skincare-lyon.fr\/wp-content\/uploads\/2023\/04\/jpeg-specimen-1024x722.jpg\" class=\"attachment-large size-large wp-image-1465\" alt=\"SKINCARE-MADEROTHERAPIE-DIPLOME\" srcset=\"https:\/\/skincare-lyon.fr\/wp-content\/uploads\/2023\/04\/jpeg-specimen-1024x722.jpg 1024w, https:\/\/skincare-lyon.fr\/wp-content\/uploads\/2023\/04\/jpeg-specimen-300x211.jpg 300w, https:\/\/skincare-lyon.fr\/wp-content\/uploads\/2023\/04\/jpeg-specimen-768x541.jpg 768w, https:\/\/skincare-lyon.fr\/wp-content\/uploads\/2023\/04\/jpeg-specimen-1536x1083.jpg 1536w, https:\/\/skincare-lyon.fr\/wp-content\/uploads\/2023\/04\/jpeg-specimen-2048x1443.jpg 2048w, https:\/\/skincare-lyon.fr\/wp-content\/uploads\/2023\/04\/jpeg-specimen-445x314.jpg 445w, https:\/\/skincare-lyon.fr\/wp-content\/uploads\/2023\/04\/jpeg-specimen-914x644.jpg 914w\" sizes=\"(max-width: 1024px) 100vw, 1024px\" \/>\t\t\t\t\t\t\t\t\t\t\t\t\t\t\t<\/div>\n\t\t\t\t<\/div>\n\t\t\t\t<\/div>\n\t\t\t\t<div class=\"elementor-element elementor-element-ecf3a6c elementor-widget elementor-widget-text-editor\" data-id=\"ecf3a6c\" data-element_type=\"widget\" data-e-type=\"widget\" data-widget_type=\"text-editor.default\">\n\t\t\t\t<div class=\"elementor-widget-container\">\n\t\t\t\t\t\t\t\t\t<p><strong>L\u2019objectif de cette formation est de vous apprendre les techniques de la Mad\u00e9roth\u00e9rapie.<\/strong> Que vous soyez un particulier ou une professionnel du bien-\u00eatre, cet apprentissage sera une r\u00e9elle plus-value pour vous ou votre institut\u00a0!<\/p><p><strong>Voici les informations concernant notre formation en France\u00a0:<\/strong><\/p><p>\u00a0<\/p>\t\t\t\t\t\t\t\t<\/div>\n\t\t\t\t<\/div>\n\t\t\t\t\t<\/div>\n\t\t\t\t<\/div>\n\t\t<div class=\"elementor-element elementor-element-e2e897c e-flex e-con-boxed e-con e-parent\" data-id=\"e2e897c\" data-element_type=\"container\" data-e-type=\"container\">\n\t\t\t\t\t<div class=\"e-con-inner\">\n\t\t<div class=\"elementor-element elementor-element-579bd43 e-con-full e-flex e-con e-child\" data-id=\"579bd43\" data-element_type=\"container\" data-e-type=\"container\" data-settings=\"{&quot;background_background&quot;:&quot;classic&quot;}\">\n\t\t\t\t<div class=\"elementor-element elementor-element-665bca7 elementor-widget elementor-widget-heading\" data-id=\"665bca7\" data-element_type=\"widget\" data-e-type=\"widget\" data-widget_type=\"heading.default\">\n\t\t\t\t<div class=\"elementor-widget-container\">\n\t\t\t\t\t<h2 class=\"elementor-heading-title elementor-size-default\">La formation mad\u00e9roth\u00e9rapie sur Lyon\u00a0<\/h2>\t\t\t\t<\/div>\n\t\t\t\t<\/div>\n\t\t\t\t<div class=\"elementor-element elementor-element-f32308d elementor-widget elementor-widget-text-editor\" data-id=\"f32308d\" data-element_type=\"widget\" data-e-type=\"widget\" data-widget_type=\"text-editor.default\">\n\t\t\t\t<div class=\"elementor-widget-container\">\n\t\t\t\t\t\t\t\t\t<p>\u00a011 rue laurent vibert &#8211; <strong>69006 lyon<\/strong><\/p>\t\t\t\t\t\t\t\t<\/div>\n\t\t\t\t<\/div>\n\t\t\t\t<div class=\"elementor-element elementor-element-0027f1e elementor-widget elementor-widget-button\" data-id=\"0027f1e\" data-element_type=\"widget\" data-e-type=\"widget\" data-widget_type=\"button.default\">\n\t\t\t\t<div class=\"elementor-widget-container\">\n\t\t\t\t\t\t\t\t\t<div class=\"elementor-button-wrapper\">\n\t\t\t\t\t<a class=\"elementor-button elementor-button-link elementor-size-sm\" href=\"mailto:contact@skincare.fr\" target=\"_blank\">\n\t\t\t\t\t\t<span class=\"elementor-button-content-wrapper\">\n\t\t\t\t\t\t\t\t\t<span class=\"elementor-button-text\">FORMATION MADEROTHERAPIE LYON<\/span>\n\t\t\t\t\t<\/span>\n\t\t\t\t\t<\/a>\n\t\t\t\t<\/div>\n\t\t\t\t\t\t\t\t<\/div>\n\t\t\t\t<\/div>\n\t\t\t\t<\/div>\n\t\t\t\t\t<\/div>\n\t\t\t\t<\/div>\n\t\t<div class=\"elementor-element elementor-element-9842db3 e-flex e-con-boxed e-con e-parent\" data-id=\"9842db3\" data-element_type=\"container\" data-e-type=\"container\">\n\t\t\t\t\t<div class=\"e-con-inner\">\n\t\t\t\t<div class=\"elementor-element elementor-element-e51a316 elementor-widget elementor-widget-heading\" data-id=\"e51a316\" data-element_type=\"widget\" data-e-type=\"widget\" data-widget_type=\"heading.default\">\n\t\t\t\t<div class=\"elementor-widget-container\">\n\t\t\t\t\t<h2 class=\"elementor-heading-title elementor-size-default\">Dur\u00e9e : 2 jours<\/h2>\t\t\t\t<\/div>\n\t\t\t\t<\/div>\n\t\t\t\t\t<\/div>\n\t\t\t\t<\/div>\n\t\t<div class=\"elementor-element elementor-element-3f18630 e-flex e-con-boxed e-con e-parent\" data-id=\"3f18630\" data-element_type=\"container\" data-e-type=\"container\">\n\t\t\t\t\t<div class=\"e-con-inner\">\n\t\t\t\t<div class=\"elementor-element elementor-element-f20751b elementor-widget elementor-widget-text-editor\" data-id=\"f20751b\" data-element_type=\"widget\" data-e-type=\"widget\" data-widget_type=\"text-editor.default\">\n\t\t\t\t<div class=\"elementor-widget-container\">\n\t\t\t\t\t\t\t\t\t<p>&#8211;<br \/><strong>Prix : 1500 euros TTC &#8211; KIT VISAGE ET CORPS INCLUS<br \/>&#8211;<\/strong><\/p><p>Formation mad\u00e9roth\u00e9rapie<br \/>Formation N\u00b01 en France<\/p><p>La formation mad\u00e9roth\u00e9rapie par SkinCare est une formation unique en France, <br \/>n&rsquo;h\u00e9sitez pas \u00e0 prendre contact pour toutes informations compl\u00e9mentaires sur les boutons juste en haut.\u00a0<br \/><br \/><\/p>\t\t\t\t\t\t\t\t<\/div>\n\t\t\t\t<\/div>\n\t\t\t\t\t<\/div>\n\t\t\t\t<\/div>\n\t\t\t\t<\/div>\n\t\t","protected":false},"excerpt":{"rendered":"<p>L\u2019objectif de cette formation est de vous apprendre les techniques de la Mad\u00e9roth\u00e9rapie. Que vous soyez un particulier ou une professionnel du bien-\u00eatre, cet apprentissage sera une r\u00e9elle plus-value pour vous ou votre institut\u00a0! Voici les informations concernant notre formation en France\u00a0: \u00a0 La formation mad\u00e9roth\u00e9rapie sur Lyon\u00a0 \u00a011 rue laurent vibert &#8211; 69006 lyon [&hellip;]<\/p>\n","protected":false},"author":1,"featured_media":0,"parent":0,"menu_order":0,"comment_status":"closed","ping_status":"closed","template":"","meta":{"footnotes":""},"class_list":["post-1351","page","type-page","status-publish","hentry"],"_links":{"self":[{"href":"https:\/\/skincare-lyon.fr\/index.php?rest_route=\/wp\/v2\/pages\/1351","targetHints":{"allow":["GET"]}}],"collection":[{"href":"https:\/\/skincare-lyon.fr\/index.php?rest_route=\/wp\/v2\/pages"}],"about":[{"href":"https:\/\/skincare-lyon.fr\/index.php?rest_route=\/wp\/v2\/types\/page"}],"author":[{"embeddable":true,"href":"https:\/\/skincare-lyon.fr\/index.php?rest_route=\/wp\/v2\/users\/1"}],"replies":[{"embeddable":true,"href":"https:\/\/skincare-lyon.fr\/index.php?rest_route=%2Fwp%2Fv2%2Fcomments&post=1351"}],"version-history":[{"count":16,"href":"https:\/\/skincare-lyon.fr\/index.php?rest_route=\/wp\/v2\/pages\/1351\/revisions"}],"predecessor-version":[{"id":1536,"href":"https:\/\/skincare-lyon.fr\/index.php?rest_route=\/wp\/v2\/pages\/1351\/revisions\/1536"}],"wp:attachment":[{"href":"https:\/\/skincare-lyon.fr\/index.php?rest_route=%2Fwp%2Fv2%2Fmedia&parent=1351"}],"curies":[{"name":"wp","href":"https:\/\/api.w.org\/{rel}","templated":true}]}}